{"id":181,"date":"2024-02-09T16:06:56","date_gmt":"2024-02-09T16:06:56","guid":{"rendered":"https:\/\/lhguitars.dk\/?page_id=181"},"modified":"2024-03-18T17:50:21","modified_gmt":"2024-03-18T17:50:21","slug":"hansen-special","status":"publish","type":"page","link":"https:\/\/lhguitars.dk\/index.php\/hansen-special\/","title":{"rendered":"Guitar 3"},"content":{"rendered":"\n<p><em>Tr\u00e6sort:<\/em><br>Quiltet Ahorn<br>Grand\u00e6k<br>Kile i ibenholt<\/p>\n\n\n\n<p><em>Type:<\/em><br>Triple O<br>Hals monteret ved 14 b\u00e5nd<\/p>\n\n\n\n<figure class=\"wp-block-image size-large is-resized\"><img loading=\"lazy\" decoding=\"async\" width=\"684\" height=\"1024\" src=\"https:\/\/lhguitars.dk\/wp-content\/uploads\/2024\/02\/Guitar3a-1000-684x1024.jpg\" alt=\"\" class=\"wp-image-211\" style=\"width:779px;height:auto\" srcset=\"https:\/\/lhguitars.dk\/wp-content\/uploads\/2024\/02\/Guitar3a-1000-684x1024.jpg 684w, https:\/\/lhguitars.dk\/wp-content\/uploads\/2024\/02\/Guitar3a-1000-200x300.jpg 200w, https:\/\/lhguitars.dk\/wp-content\/uploads\/2024\/02\/Guitar3a-1000-768x1150.jpg 768w, https:\/\/lhguitars.dk\/wp-content\/uploads\/2024\/02\/Guitar3a-1000.jpg 965w\" sizes=\"auto, (max-width: 684px) 100vw, 684px\" \/><\/figure>\n\n\n\n<figure class=\"wp-block-image size-large is-resized is-style-default\"><img loading=\"lazy\" decoding=\"async\" width=\"1000\" height=\"750\" src=\"https:\/\/lhguitars.dk\/wp-content\/uploads\/2024\/03\/Guitar3b-1000-edited-1.jpg\" alt=\"\" class=\"wp-image-243\" style=\"width:779px;height:auto\" srcset=\"https:\/\/lhguitars.dk\/wp-content\/uploads\/2024\/03\/Guitar3b-1000-edited-1.jpg 1000w, https:\/\/lhguitars.dk\/wp-content\/uploads\/2024\/03\/Guitar3b-1000-edited-1-300x225.jpg 300w, https:\/\/lhguitars.dk\/wp-content\/uploads\/2024\/03\/Guitar3b-1000-edited-1-768x576.jpg 768w\" sizes=\"auto, (max-width: 1000px) 100vw, 1000px\" \/><\/figure>\n","protected":false},"excerpt":{"rendered":"<p>Tr\u00e6sort:Quiltet AhornGrand\u00e6kKile i ibenholt Type:Triple OHals monteret ved 14 b\u00e5nd<\/p>\n","protected":false},"author":1,"featured_media":0,"parent":0,"menu_order":0,"comment_status":"closed","ping_status":"closed","template":"","meta":{"footnotes":""},"class_list":["post-181","page","type-page","status-publish","hentry"],"_links":{"self":[{"href":"https:\/\/lhguitars.dk\/index.php\/wp-json\/wp\/v2\/pages\/181","targetHints":{"allow":["GET"]}}],"collection":[{"href":"https:\/\/lhguitars.dk\/index.php\/wp-json\/wp\/v2\/pages"}],"about":[{"href":"https:\/\/lhguitars.dk\/index.php\/wp-json\/wp\/v2\/types\/page"}],"author":[{"embeddable":true,"href":"https:\/\/lhguitars.dk\/index.php\/wp-json\/wp\/v2\/users\/1"}],"replies":[{"embeddable":true,"href":"https:\/\/lhguitars.dk\/index.php\/wp-json\/wp\/v2\/comments?post=181"}],"version-history":[{"count":6,"href":"https:\/\/lhguitars.dk\/index.php\/wp-json\/wp\/v2\/pages\/181\/revisions"}],"predecessor-version":[{"id":246,"href":"https:\/\/lhguitars.dk\/index.php\/wp-json\/wp\/v2\/pages\/181\/revisions\/246"}],"wp:attachment":[{"href":"https:\/\/lhguitars.dk\/index.php\/wp-json\/wp\/v2\/media?parent=181"}],"curies":[{"name":"wp","href":"https:\/\/api.w.org\/{rel}","templated":true}]}}