{"id":178,"date":"2024-02-09T16:05:56","date_gmt":"2024-02-09T16:05:56","guid":{"rendered":"https:\/\/lhguitars.dk\/?page_id=178"},"modified":"2024-03-18T17:38:44","modified_gmt":"2024-03-18T17:38:44","slug":"double-o","status":"publish","type":"page","link":"https:\/\/lhguitars.dk\/index.php\/double-o\/","title":{"rendered":"Guitar 2"},"content":{"rendered":"\n<p><em>Tr\u00e6sort:<\/em><br>Zebrano<br>Grand\u00e6k<\/p>\n\n\n\n<p><em>Type:<\/em><br>Double O<br>Hals monteret ved 14 b\u00e5nd<\/p>\n\n\n\n<figure class=\"wp-block-image size-large\"><img loading=\"lazy\" decoding=\"async\" width=\"683\" height=\"1024\" src=\"https:\/\/lhguitars.dk\/wp-content\/uploads\/2024\/02\/Guitar1a-1000-683x1024.jpg\" alt=\"\" class=\"wp-image-202\" srcset=\"https:\/\/lhguitars.dk\/wp-content\/uploads\/2024\/02\/Guitar1a-1000-683x1024.jpg 683w, https:\/\/lhguitars.dk\/wp-content\/uploads\/2024\/02\/Guitar1a-1000-200x300.jpg 200w, https:\/\/lhguitars.dk\/wp-content\/uploads\/2024\/02\/Guitar1a-1000-768x1152.jpg 768w, https:\/\/lhguitars.dk\/wp-content\/uploads\/2024\/02\/Guitar1a-1000.jpg 1000w\" sizes=\"auto, (max-width: 683px) 100vw, 683px\" \/><\/figure>\n\n\n\n<p>Gran<\/p>\n\n\n\n<figure class=\"wp-block-image size-large\"><img loading=\"lazy\" decoding=\"async\" width=\"683\" height=\"1024\" src=\"https:\/\/lhguitars.dk\/wp-content\/uploads\/2024\/02\/Guitar1b-1000-683x1024.jpg\" alt=\"\" class=\"wp-image-203\" srcset=\"https:\/\/lhguitars.dk\/wp-content\/uploads\/2024\/02\/Guitar1b-1000-683x1024.jpg 683w, https:\/\/lhguitars.dk\/wp-content\/uploads\/2024\/02\/Guitar1b-1000-200x300.jpg 200w, https:\/\/lhguitars.dk\/wp-content\/uploads\/2024\/02\/Guitar1b-1000-768x1152.jpg 768w, https:\/\/lhguitars.dk\/wp-content\/uploads\/2024\/02\/Guitar1b-1000.jpg 1000w\" sizes=\"auto, (max-width: 683px) 100vw, 683px\" \/><\/figure>\n","protected":false},"excerpt":{"rendered":"<p>Tr\u00e6sort:ZebranoGrand\u00e6k Type:Double OHals monteret ved 14 b\u00e5nd Gran<\/p>\n","protected":false},"author":1,"featured_media":0,"parent":0,"menu_order":0,"comment_status":"closed","ping_status":"closed","template":"","meta":{"footnotes":""},"class_list":["post-178","page","type-page","status-publish","hentry"],"_links":{"self":[{"href":"https:\/\/lhguitars.dk\/index.php\/wp-json\/wp\/v2\/pages\/178","targetHints":{"allow":["GET"]}}],"collection":[{"href":"https:\/\/lhguitars.dk\/index.php\/wp-json\/wp\/v2\/pages"}],"about":[{"href":"https:\/\/lhguitars.dk\/index.php\/wp-json\/wp\/v2\/types\/page"}],"author":[{"embeddable":true,"href":"https:\/\/lhguitars.dk\/index.php\/wp-json\/wp\/v2\/users\/1"}],"replies":[{"embeddable":true,"href":"https:\/\/lhguitars.dk\/index.php\/wp-json\/wp\/v2\/comments?post=178"}],"version-history":[{"count":11,"href":"https:\/\/lhguitars.dk\/index.php\/wp-json\/wp\/v2\/pages\/178\/revisions"}],"predecessor-version":[{"id":239,"href":"https:\/\/lhguitars.dk\/index.php\/wp-json\/wp\/v2\/pages\/178\/revisions\/239"}],"wp:attachment":[{"href":"https:\/\/lhguitars.dk\/index.php\/wp-json\/wp\/v2\/media?parent=178"}],"curies":[{"name":"wp","href":"https:\/\/api.w.org\/{rel}","templated":true}]}}